{"id":22,"date":"2024-10-18T14:52:08","date_gmt":"2024-10-18T14:52:08","guid":{"rendered":"http:\/\/mohaerdogazdalkodo.hu\/?page_id=22"},"modified":"2024-10-18T15:01:48","modified_gmt":"2024-10-18T15:01:48","slug":"altalanos-szerzodesi-feltetelek","status":"publish","type":"page","link":"https:\/\/mohaerdogazdalkodo.hu\/?page_id=22","title":{"rendered":"\u00c1ltal\u00e1nos Szerz\u0151d\u00e9si Felt\u00e9telek"},"content":{"rendered":"\n<div class=\"wp-block-group alignfull has-base-background-color has-background has-global-padding is-layout-constrained wp-container-core-group-is-layout-d89aad35 wp-block-group-is-layout-constrained\" style=\"margin-top:0;margin-bottom:0;padding-top:var(--wp--preset--spacing--50);padding-right:var(--wp--preset--spacing--50);padding-bottom:var(--wp--preset--spacing--50);padding-left:var(--wp--preset--spacing--50)\">\n<div class=\"wp-block-columns alignwide is-layout-flex wp-container-core-columns-is-layout-549b0c86 wp-block-columns-is-layout-flex\">\n<div class=\"wp-block-column has-global-padding is-content-justification-left is-layout-constrained wp-container-core-column-is-layout-4f15e8fe wp-block-column-is-layout-constrained\" style=\"flex-basis:40%\">\n<p><strong>Erd\u0151gazd\u00e1lkod\u00f3i Integr\u00e1ci\u00f3s szerz\u0151d\u00e9sek \u00e1ltal\u00e1nos szerz\u0151d\u00e9si felt\u00e9telei<\/strong><\/p>\n<\/div>\n\n\n\n<div class=\"wp-block-column is-layout-flow wp-container-core-column-is-layout-119bc444 wp-block-column-is-layout-flow\" style=\"flex-basis:60%\">\n<div class=\"wp-block-columns is-layout-flex wp-container-core-columns-is-layout-87beb0d0 wp-block-columns-is-layout-flex\">\n<div class=\"wp-block-column is-layout-flow wp-block-column-is-layout-flow\">\n<p class=\"wp-container-content-9cfa9a5a\">2.1. A Szerz\u0151d\u0151 felek meg\u00e1llapodnak abban, hogy a gazd\u00e1lkod\u00e1s sor\u00e1n a k\u00f6lts\u00e9ghat\u00e9konys\u00e1g biztos\u00edt\u00e1sa \u00e9s a<br>m\u00e9retgazdas\u00e1goss\u00e1gb\u00f3l fakad\u00f3 el\u0151ny\u00f6k kiakn\u00e1z\u00e1sa \u00e9rdek\u00e9ben az \u00e9rintett f\u00f6ldter\u00fcletet integr\u00e1ltan kezeli \u00e9s a kapcsol\u00f3d\u00f3<br>erd\u0151gazd\u00e1lkod\u00e1si tev\u00e9kenys\u00e9geket \u00f6sszehangolja az integr\u00e1ci\u00f3s egys\u00e9gbe bevont f\u00f6ldter\u00fcleteken.<\/p>\n\n\n\n<p class=\"wp-container-content-9cfa9a5a\"><br>2.2. Az integr\u00e1ci\u00f3s egys\u00e9gen bel\u00fcl az elsz\u00e1mol\u00e1s a k\u00f6vetkez\u0151k szerint t\u00f6rt\u00e9nik:<br>A fahaszn\u00e1lat (tov\u00e1bbiakban fahaszn\u00e1lat, vagy fakitermel\u00e9s) az erd\u0151ben az erd\u0151tervi el\u0151\u00edr\u00e1snak megfelel\u0151en v\u00e9gezhet\u0151<br>el.<br>Az erd\u0151gazd\u00e1lkod\u00e1si integr\u00e1ci\u00f3s szerz\u0151d\u00e9s 1.3. pontj\u00e1ban k\u00f6r\u00fcl\u00edrt erd\u0151 (tov\u00e1bbiakban Erd\u0151) tulajdonosait<br>tulajdoni ar\u00e1nyuk szerint az Erd\u0151ben folytatott fahaszn\u00e1latb\u00f3l ered\u0151 nett\u00f3 \u00e1rbev\u00e9tel 85%-\u00e1nak az<br>Erd\u0151ben v\u00e9gzend\u0151 erd\u0151gazd\u00e1lkod\u00e1ssal k\u00f6zvetlen\u00fcl \u00f6sszef\u00fcgg\u0151 k\u00f6lts\u00e9gekkel cs\u00f6kkentett, valamint<br>az erd\u0151gazd\u00e1lkod\u00e1si integr\u00e1ci\u00f3s szerz\u0151d\u00e9s 1.4. pontj\u00e1ban k\u00f6r\u00fcl\u00edrt az Erd\u0151vel k\u00f6z\u00f6s integr\u00e1ci\u00f3s egys\u00e9gbe<br>vont ter\u00fcletek (tov\u00e1bbiakban Erd\u0151vel k\u00f6z\u00f6s integr\u00e1ci\u00f3s egys\u00e9gbe vont ter\u00fcletek) \u00e1ltal\u00e1nos k\u00f6lts\u00e9geinek,<br>ter\u00fcletar\u00e1nyosan az Erd\u0151re es\u0151 r\u00e9sz\u00e9vel cs\u00f6kkentett \u00f6sszege illeti meg. A fennmarad\u00f3 r\u00e9sz az<br>Erd\u0151gazd\u00e1lkod\u00f3t illeti meg, az erd\u0151gazd\u00e1lkod\u00e1si feladatainak elv\u00e9gz\u00e9s\u00e9\u00e9rt.<br>\uf0b7 A szerz\u0151d\u0151 felek elismerik, hogy a fenti pontban meghat\u00e1rozott Erd\u0151ben v\u00e9gzend\u0151 erd\u0151gazd\u00e1lkod\u00e1ssal<br>k\u00f6zvetlen\u00fcl \u00f6sszef\u00fcgg\u0151 k\u00f6lts\u00e9gek az erd\u0151gazd\u00e1lkod\u00e1si integr\u00e1ci\u00f3s szerz\u0151d\u00e9s 1.3. pontj\u00e1ban k\u00f6r\u00fcl\u00edrt Erd\u0151<br>vonatkoz\u00e1s\u00e1ban a k\u00f6vetkez\u0151kben meghat\u00e1rozottakat tartalmazhatj\u00e1k:<br>o a fakitermel\u00e9s k\u00f6lts\u00e9g\u00e9t;<br>o az esetleges erd\u0151fel\u00faj\u00edt\u00e1s k\u00f6lts\u00e9g\u00e9t (A fej\u00faj\u00edt\u00e1s v\u00e1rhat\u00f3 k\u00f6lts\u00e9ge a fakitermel\u00e9s \u00e9v\u00e9ben a bev\u00e9telekb\u0151l<br>ker\u00fcl elk\u00fcl\u00f6n\u00edt\u00e9sre, a fel\u00faj\u00edt\u00e1s v\u00e9grehajt\u00e1s\u00e1nak \u00e9v\u00e9ben a terv \u00e9s t\u00e9nyk\u00f6lts\u00e9gek k\u00fcl\u00f6nb\u00f6zete ker\u00fcl<br>elsz\u00e1mol\u00e1sra);<br>o a felt\u00e1r\u00f3 utak, k\u00f6zel\u00edt\u0151 nyomok kialak\u00edt\u00e1s\u00e1nak k\u00f6lts\u00e9g\u00e9t (A k\u00f6zel\u00edt\u0151 nyomok kialak\u00edt\u00e1s\u00e1nak k\u00f6lts\u00e9ge<br>nem haladhatja meg a k\u00f6zel\u00edt\u0151 nyom miatt kiv\u00e1gott f\u00e1k (a nyomvonalon l\u00e9v\u0151 f\u00e1k) \u00e9rt\u00e9kes\u00edt\u00e9s\u00e9b\u0151l<br>sz\u00e1rmaz\u00f3 bev\u00e9telt);<br>o az Erd\u00e9szeti Hat\u00f3s\u00e1gn\u00e1l az ingatlannal kapcsolatban t\u00f6rt\u00e9n\u0151 elj\u00e1r\u00e1sokhoz kapcsol\u00f3d\u00f3 \u00e1ltal\u00e1nos elj\u00e1r\u00e1si<br>k\u00f6lts\u00e9geket, elj\u00e1r\u00e1si d\u00edjakat;<br>o egy\u00e9b olyan k\u00f6lts\u00e9gek, amelyek j\u00f3l elk\u00fcl\u00f6n\u00edthet\u0151 m\u00f3don kifejezetten az erd\u0151gazd\u00e1lkod\u00e1si integr\u00e1ci\u00f3s<br>szerz\u0151d\u00e9s 1.3. pontj\u00e1ban k\u00f6r\u00fcl\u00edrt Erd\u0151re vonatkoznak.<\/p>\n\n\n\n<p>\uf0b7 Erd\u0151vel k\u00f6z\u00f6s integr\u00e1ci\u00f3s egys\u00e9gbe vont ter\u00fcletek \u00e1ltal\u00e1nos k\u00f6lts\u00e9gei a k\u00f6vetkez\u0151ket tartalmazz\u00e1k k\u00fcl\u00f6n\u00f6sen:<br>o a folyamatos szakir\u00e1ny\u00edt\u00e1s d\u00edj\u00e1t;<br>o a Tulajdonosokat tulajdoni h\u00e1nyaduk alapj\u00e1n megillet\u0151 hasznok \u00e1tutal\u00e1s\u00e1nak k\u00f6lts\u00e9g\u00e9t;<br>o adminisztrat\u00edv \u00e9s postak\u00f6lts\u00e9gek;<br>o jel\u00f6l\u0151 fest\u00e9k, jel\u00f6l\u0151 kr\u00e9ta;<br>o stb.<br>\uf0b7 Erd\u0151vel k\u00f6z\u00f6s Integr\u00e1ci\u00f3s egys\u00e9gbe vont ter\u00fcletek \u00e1ltal\u00e1nos k\u00f6lts\u00e9gei az integr\u00e1ci\u00f3ba bevont ter\u00fcletek<br>\u00e1ltal\u00e1nos k\u00f6lts\u00e9geinek Erd\u0151re es\u0151 r\u00e9sze nem haladhatja meg az Erd\u0151ben folytatott fahaszn\u00e1latb\u00f3l ered\u0151 nett\u00f3<br>\u00e1rbev\u00e9tel 7%-\u00e1t.<\/p>\n\n\n\n<p><br>2.3. Az \u00edgy keletkez\u0151 f\u00f6ldhaszn\u00e1lati d\u00edj megfizet\u00e9s\u00e9nek id\u0151pontja: legk\u00e9s\u0151bb a bev\u00e9tel keletkez\u00e9si \u00e9v\u00e9t k\u00f6vet\u0151 \u00e9v<br>m\u00e1rcius 31. napja, amelyet Erd\u0151gazd\u00e1lkod\u00f3 a Tulajdonos, illetve haszon\u00e9lvez\u0151 eset\u00e9n a haszon\u00e9lvez\u0151 \u00e1ltal al\u00e1\u00edrt, k\u00e9t<br>tan\u00fa \u00e1ltal ellenjegyzett okiratban megjel\u00f6lt banksz\u00e1mlasz\u00e1mra teljes\u00edt, ehhez Erd\u0151gazd\u00e1lkod\u00f3 a Tulajdonos sz\u00e1m\u00e1ra<br>kapcsolattart\u00e1si adatlapot mell\u00e9kel.<\/p>\n\n\n\n<p><br>2.4. Ha a Tulajdonos jogosulti k\u00e9sedelembe esik (nem veszi fel az \u0151t illet\u0151 hasznot) vagy ismeretlen helyre k\u00f6lt\u00f6z\u00f6tt, az<br>Erd\u0151gazd\u00e1lkod\u00f3 az ilyen tulajdonosra es\u0151 kifizetetlen hasznot \u00f6t \u00e9vig elk\u00fcl\u00f6n\u00edtett sz\u00e1ml\u00e1n tartja. A jogosult ez id\u0151 alatt<br>k\u00e9rheti az elmaradt haszon (let\u00e9ti k\u00f6lts\u00e9ggel cs\u00f6kkentett) kifizet\u00e9s\u00e9t.<\/p>\n\n\n\n<p>2.5. Szerz\u0151d\u0151 felek tudom\u00e1sul veszik, hogy az erd\u0151gazd\u00e1lkod\u00e1s saj\u00e1toss\u00e1gai miatt fahaszn\u00e1latb\u00f3l ered\u0151 bev\u00e9tel nem<br>minden \u00e9vben fog keletkezni.<\/p>\n\n\n\n<p><br>2.6. Erd\u0151gazd\u00e1lkod\u00f3 k\u00f6teles a szerz\u0151d\u00e9s t\u00e1rgy\u00e1t k\u00e9pez\u0151 ingatlanokat rendeltet\u00e9s\u00e9nek, valamint az erd\u00e9szeti \u00e9s<br>term\u00e9szetv\u00e9delmi jogszab\u00e1lyoknak \u00e9s hat\u00f3s\u00e1gi el\u0151\u00edr\u00e1soknak megfelel\u0151en haszn\u00e1lni, \u00edgy k\u00fcl\u00f6n\u00f6sen:<br>\uf0a7 az 1.) pontban megjel\u00f6lt erd\u0151\/erd\u0151gazd\u00e1lkod\u00e1s c\u00e9lj\u00e1t k\u00f6zvetlen\u00fcl szolg\u00e1l\u00f3 erd\u0151 m\u0171vel\u00e9si \u00e1g\u00fa f\u00f6ldter\u00fclet<br>tekintet\u00e9ben \u0151t megillet\u0151 haszn\u00e1lati jogosults\u00e1got a szerz\u0151d\u00e9s hat\u00e1lybal\u00e9p\u00e9s\u00e9t k\u00f6vet\u0151 30 napon bel\u00fcl, a<br>szerz\u0151d\u00e9s beny\u00fajt\u00e1s\u00e1val, a ter\u00fclet fekv\u00e9se szerint illet\u00e9kes erd\u00e9szeti hat\u00f3s\u00e1ghoz nyilv\u00e1ntart\u00e1sba v\u00e9tel c\u00e9lj\u00e1b\u00f3l<br>bejelenteni<br>\uf0a7 eleget tenni az az erd\u0151r\u0151l, az erd\u0151k v\u00e9delm\u00e9r\u0151l \u00e9s az erd\u0151gazd\u00e1lkod\u00e1sr\u00f3l sz\u00f3l\u00f3 2009. \u00e9vi XXXVII. t\u00f6rv\u00e9ny<br>(tov\u00e1bbiakban Evt.) \u00e9s v\u00e9grehajt\u00e1si rendeletei szerinti erd\u0151gazd\u00e1lkod\u00f3i k\u00f6telezetts\u00e9geknek;<br>\uf0a7 a Tulajdonost az ingatlannal kapcsolatos erd\u0151gazd\u00e1lkod\u00f3i tev\u00e9kenys\u00e9g\u00e9r\u0151l \u00e9vente a haszn\u00e1latba ad\u00f3<br>Tulajdonos \u00e1ltal megjel\u00f6lt email c\u00edmen t\u00e1j\u00e9koztatni.<br>azon Tulajdonosok r\u00e9sz\u00e9re, akik ezt k\u00fcl\u00f6n k\u00e9rik, biztos\u00edtani a lehet\u0151s\u00e9get, hogy a tulajdoni h\u00e1nyadukra jut\u00f3, a<br>fakitermel\u00e9sb\u0151l sz\u00e1rmaz\u00f3 f\u00e1t a kapcsol\u00f3d\u00f3 k\u00f6lts\u00e9gek elsz\u00e1mol\u00e1sa ut\u00e1n term\u00e9szetben (teh\u00e1t kitermelt fak\u00e9nt) kapj\u00e1k<br>meg.<\/p>\n\n\n\n<p><br>2.7. A Szerz\u0151d\u0151 Felek az Evt. 72. \u00a7 (1) \u00e9s (3) bekezd\u00e9s\u00e9ben meghat\u00e1rozott erd\u0151fel\u00faj\u00edt\u00e1si biztos\u00edt\u00e9kot az erd\u00e9szeti<br>hat\u00f3s\u00e1gn\u00e1l nem kezdem\u00e9nyezik. Tulajdonos kijelenti, hogy hozz\u00e1j\u00e1rul az erd\u0151 \u00fczemm\u00f3dj\u00e1nak \u00e9s erd\u0151terv\u00e9nek<br>m\u00f3dos\u00edt\u00e1shoz.<\/p>\n\n\n\n<p><br>2.8. Tulajdonos k\u00f6telezetts\u00e9ge:<br>\uf0a7 szavatolni, hogy a haszn\u00e1lt f\u00f6ldter\u00fclet a haszn\u00e1lat eg\u00e9sz id\u0151tartama alatt alkalmas a szerz\u0151d\u00e9sszer\u0171 haszn\u00e1latra<br>(haszn\u00e1lati jogot \u00f6n\u00e1ll\u00f3an nem gyakorolhat)<br>\uf0a7 szavatolni, hogy harmadik szem\u00e9lynek nincs a haszn\u00e1lt f\u00f6ldter\u00fcletre olyan joga, amely az erd\u0151gazd\u00e1lkod\u00f3t<br>akad\u00e1lyozza, vagy korl\u00e1tozza<\/p>\n\n\n\n<p><br>2.9. Erd\u0151gazd\u00e1lkod\u00f3 kijelenti, hogy az \u00e1ltala haszn\u00e1lt ter\u00fclet nagys\u00e1ga nem haladja meg a mez\u0151 \u00e9s erd\u0151gazd\u00e1lkod\u00e1si<br>f\u00f6ldek forgalm\u00e1r\u00f3l sz\u00f3l\u00f3 2013. \u00e9vi CXXII. t\u00f6rv\u00e9ny (tov\u00e1bbiakban Fftv.) foglalt ter\u00fcleti korl\u00e1toz\u00e1st.<br>Erd\u0151gazd\u00e1lkod\u00f3 kijelenti, hogy mez\u0151gazdas\u00e1gi termel\u0151szervezetnek min\u0151s\u00fcl \u00e9s v\u00e1llalja, hogy a f\u00f6ldhaszn\u00e1lati<br>szerz\u0151d\u00e9s fenn\u00e1ll\u00e1sa alatt megfelel a Fftv. 40. \u00a7 (1) bekezd\u00e9s\u00e9ben foglaltaknak.<br>Erd\u0151gazd\u00e1lkod\u00f3 az Fftv. 42. \u00a7 (1)-(5) bekezd\u00e9s\u00e9ben el\u0151\u00edrtaknak megfelel\u0151en az al\u00e1bbi nyilatkozatot teszi:<br>\uf0a7 v\u00e1llalja, hogy a f\u00f6ldhaszn\u00e1lati szerz\u0151d\u00e9s fenn\u00e1ll\u00e1sa alatt megfelel a Fftv. 40. \u00a7 (1)-(4) bekezd\u00e9s\u00e9ben, valamint<br>a Fftv. 41. \u00a7-ban foglalt felt\u00e9teleknek, a f\u00f6ld haszn\u00e1lat\u00e1t m\u00e1snak nem engedi \u00e1t, azt maga haszn\u00e1lja \u00e9s ennek<br>sor\u00e1n eleget tesz f\u00f6ldhaszn\u00e1lati k\u00f6telezetts\u00e9g\u00e9nek<br>\uf0a7 nincs jogszer\u0171en meg\u00e1llap\u00edtott \u00e9s fenn\u00e1ll\u00f3 f\u00f6ldhaszn\u00e1lati d\u00edjtartoz\u00e1sa<br>\uf0a7 jelen szerz\u0151d\u00e9s t\u00e1rgy\u00e1t k\u00e9pez\u0151 f\u00f6ld haszn\u00e1latba v\u00e9tel\u00e9vel a m\u00e1r birtok\u00e1ban l\u00e9v\u0151 f\u00f6ld nagys\u00e1ga nem haladja<br>meg a Fftv. szerinti birtokmaximumot<br>\uf0a7 elfogadja \u00e9s tudom\u00e1sul veszi, hogy ha ut\u00f3lagos ellen\u0151rz\u00e9s sor\u00e1n meg\u00e1llap\u00edt\u00e1st nyer a birtokmaximumra<br>vonatkoz\u00f3 nyilatkozat\u00e1nak val\u00f3tlans\u00e1ga, \u00fagy az b\u00fcntet\u0151jogi felel\u0151ss\u00e9gre von\u00e1s\u00e1t \u00e9s a szerz\u0151d\u00e9s t\u00e1rgy\u00e1t k\u00e9pez\u0151<br>f\u00f6ld haszn\u00e1lata ut\u00e1n r\u00e9sz\u00e9re foly\u00f3s\u00edtott k\u00f6lts\u00e9gvet\u00e9si, vagy eur\u00f3pai uni\u00f3s t\u00e1mogat\u00e1s visszafizet\u00e9si<br>k\u00f6telezetts\u00e9g\u00e9t vonja maga ut\u00e1n.<br>\uf0a7 \u00fajonnan alap\u00edtott termel\u0151 szervezetk\u00e9nt nyilatkozik, hogy a f\u00f6ld helye szerinti telep\u00fcl\u00e9sen \u00fczemk\u00f6zpontot<br>l\u00e9tes\u00edt<\/p>\n\n\n\n<p><br>2.10. A szerz\u0151d\u00e9s megsz\u0171nik:<br>\uf0a7 k\u00f6z\u00f6s megegyez\u00e9ssel, a szerz\u0151d\u0151 felek \u00e1ltal meghat\u00e1rozott napon<br>\uf0a7 ha az erd\u0151 term\u00e9szeti er\u0151 k\u00f6zvetlen behat\u00e1sa k\u00f6vetkezt\u00e9ben a haszn\u00e1lati szerz\u0151d\u00e9s szerinti hasznos\u00edt\u00e1sra<br>tart\u00f3san alkalmatlann\u00e1 v\u00e1lik<\/p>\n\n\n\n<p><br>2.11. A haszn\u00e1latba ad\u00f3 Tulajdonos a haszn\u00e1lati meg\u00e1llapod\u00e1st \u00edr\u00e1sban azonnali hat\u00e1llyal felmondhatja, ha az<br>Erd\u0151gazd\u00e1lkod\u00f3:<br>\uf0a7 olyan gazd\u00e1lkod\u00e1st folytat, amely s\u00falyosan vesz\u00e9lyezteti az erd\u0151 fennmarad\u00e1s\u00e1t, a fenntarthat\u00f3<br>erd\u0151gazd\u00e1lkod\u00e1st;<br>\uf0a7 az erd\u0151fel\u00faj\u00edt\u00e1si k\u00f6telezetts\u00e9g\u00e9nek nem tesz eleget;<br>\uf0a7 a haszn\u00e1latba ad\u00f3 Tulajdonos hozz\u00e1j\u00e1rul\u00e1sa n\u00e9lk\u00fcl vagy att\u00f3l elt\u00e9r\u0151en a term\u0151f\u00f6ld haszn\u00e1lat\u00e1t m\u00e1snak<br>\u00e1tengedte, azon a rendes gazd\u00e1lkod\u00e1s k\u00f6r\u00e9t meghalad\u00f3an v\u00e9gzett beruh\u00e1z\u00e1st vagy a term\u0151f\u00f6ld m\u0171vel\u00e9si \u00e1g\u00e1t<br>megv\u00e1ltoztatta.<br>\uf0a7 a term\u00e9szetv\u00e9delmi jogszab\u00e1lyok vagy a term\u00e9szetv\u00e9delmi hat\u00f3s\u00e1g el\u0151\u00edr\u00e1sait\u00f3l elt\u00e9r\u0151, illet\u0151leg a term\u00e9szeti<br>ter\u00fclet \u00e1llag\u00e1t vagy \u00e1llapot\u00e1t kedvez\u0151tlen\u00fcl befoly\u00e1sol\u00f3 tev\u00e9kenys\u00e9get folytat, tov\u00e1bb\u00e1, ha a term\u00e9szeti \u00e9rt\u00e9kek<br>fennmarad\u00e1s\u00e1t b\u00e1rmely m\u00f3don vesz\u00e9lyezteti;<br>\uf0a7 a 4. pont szerinti elsz\u00e1mol\u00e1si k\u00f6telezetts\u00e9geit a lej\u00e1rat ut\u00e1n k\u00f6z\u00f6lt k\u00e9tszeri \u00edr\u00e1sbeli felsz\u00f3l\u00edt\u00e1s ellen\u00e9re \u00e9s<br>kit\u0171z\u00f6tt megfelel\u0151 hat\u00e1rid\u0151ben sem teljes\u00edti.<br>Ha az azonnali hat\u00e1ly\u00fa felmond\u00e1st az erd\u0151gazd\u00e1lkod\u00f3 3 napon bel\u00fcl nem veszi tudom\u00e1sul, a haszn\u00e1latba ad\u00f3<br>Tulajdonos tov\u00e1bbi 8 napon bel\u00fcl b\u00edr\u00f3s\u00e1ghoz fordulhat. Ellenkez\u0151 esetben a felmond\u00e1s hat\u00e1ly\u00e1t veszti.<br>A szerz\u0151d\u00e9s b\u00e1rmilyen okb\u00f3l t\u00f6rt\u00e9n\u0151 megsz\u0171n\u00e9sekor a felek k\u00f6telesek egym\u00e1ssal elsz\u00e1molni.<\/p>\n<\/div>\n<\/div>\n<\/div>\n<\/div>\n<\/div>\n\n\n\n<div class=\"wp-block-cover alignfull is-light has-parallax\" style=\"padding-top:var(--wp--preset--spacing--50);padding-right:var(--wp--preset--spacing--50);padding-bottom:var(--wp--preset--spacing--50);padding-left:var(--wp--preset--spacing--50);min-height:100vh;aspect-ratio:unset;\"><span aria-hidden=\"true\" class=\"wp-block-cover__background has-base-background-color has-background-dim-0 has-background-dim\"><\/span><div class=\"wp-block-cover__image-background has-parallax\" style=\"background-position:50% 50%;background-image:url(http:\/\/mohaerdogazdalkodo.hu\/wp-content\/themes\/twentytwentyfour\/assets\/images\/art-gallery.webp)\"><\/div><div class=\"wp-block-cover__inner-container has-global-padding is-layout-constrained wp-container-core-cover-is-layout-e4fd886c wp-block-cover-is-layout-constrained\">\n<div style=\"height:500px\" aria-hidden=\"true\" class=\"wp-block-spacer\"><\/div>\n<\/div><\/div>\n\n\n\n<div class=\"wp-block-group alignfull has-base-2-background-color has-background has-global-padding is-layout-constrained wp-container-core-group-is-layout-7cd14b77 wp-block-group-is-layout-constrained\" style=\"margin-top:0;margin-bottom:0;padding-top:var(--wp--preset--spacing--60);padding-right:var(--wp--preset--spacing--60);padding-bottom:var(--wp--preset--spacing--60);padding-left:var(--wp--preset--spacing--60)\"><\/div>\n","protected":false},"excerpt":{"rendered":"<p>Erd\u0151gazd\u00e1lkod\u00f3i Integr\u00e1ci\u00f3s szerz\u0151d\u00e9sek \u00e1ltal\u00e1nos szerz\u0151d\u00e9si felt\u00e9telei 2.1. A Szerz\u0151d\u0151 felek meg\u00e1llapodnak abban, hogy a gazd\u00e1lkod\u00e1s sor\u00e1n a k\u00f6lts\u00e9ghat\u00e9konys\u00e1g biztos\u00edt\u00e1sa \u00e9s am\u00e9retgazdas\u00e1goss\u00e1gb\u00f3l fakad\u00f3 el\u0151ny\u00f6k kiakn\u00e1z\u00e1sa \u00e9rdek\u00e9ben az \u00e9rintett f\u00f6ldter\u00fcletet integr\u00e1ltan kezeli \u00e9s a kapcsol\u00f3d\u00f3erd\u0151gazd\u00e1lkod\u00e1si tev\u00e9kenys\u00e9geket \u00f6sszehangolja az integr\u00e1ci\u00f3s egys\u00e9gbe bevont f\u00f6ldter\u00fcleteken. 2.2. Az integr\u00e1ci\u00f3s egys\u00e9gen bel\u00fcl az elsz\u00e1mol\u00e1s a k\u00f6vetkez\u0151k szerint t\u00f6rt\u00e9nik:A fahaszn\u00e1lat (tov\u00e1bbiakban fahaszn\u00e1lat, vagy [&hellip;]<\/p>\n","protected":false},"author":1,"featured_media":0,"parent":0,"menu_order":0,"comment_status":"closed","ping_status":"closed","template":"","meta":{"footnotes":""},"class_list":["post-22","page","type-page","status-publish","hentry"],"_links":{"self":[{"href":"https:\/\/mohaerdogazdalkodo.hu\/index.php?rest_route=\/wp\/v2\/pages\/22","targetHints":{"allow":["GET"]}}],"collection":[{"href":"https:\/\/mohaerdogazdalkodo.hu\/index.php?rest_route=\/wp\/v2\/pages"}],"about":[{"href":"https:\/\/mohaerdogazdalkodo.hu\/index.php?rest_route=\/wp\/v2\/types\/page"}],"author":[{"embeddable":true,"href":"https:\/\/mohaerdogazdalkodo.hu\/index.php?rest_route=\/wp\/v2\/users\/1"}],"replies":[{"embeddable":true,"href":"https:\/\/mohaerdogazdalkodo.hu\/index.php?rest_route=%2Fwp%2Fv2%2Fcomments&post=22"}],"version-history":[{"count":3,"href":"https:\/\/mohaerdogazdalkodo.hu\/index.php?rest_route=\/wp\/v2\/pages\/22\/revisions"}],"predecessor-version":[{"id":28,"href":"https:\/\/mohaerdogazdalkodo.hu\/index.php?rest_route=\/wp\/v2\/pages\/22\/revisions\/28"}],"wp:attachment":[{"href":"https:\/\/mohaerdogazdalkodo.hu\/index.php?rest_route=%2Fwp%2Fv2%2Fmedia&parent=22"}],"curies":[{"name":"wp","href":"https:\/\/api.w.org\/{rel}","templated":true}]}}